{"id":14,"date":"2026-03-25T21:14:18","date_gmt":"2026-03-25T21:14:18","guid":{"rendered":"https:\/\/mocampo70002.paginas-web-cr.com\/?page_id=14"},"modified":"2026-03-25T22:25:54","modified_gmt":"2026-03-25T22:25:54","slug":"error-4-sitio-lento","status":"publish","type":"page","link":"https:\/\/mocampo70002.paginas-web-cr.com\/en\/error-4-sitio-lento\/","title":{"rendered":"Error 4 - Slow site"},"content":{"rendered":"<div class=\"wp-block-group alignfull is-style-section-2 has-global-padding is-layout-constrained wp-block-group-is-layout-constrained is-style-section-2--1\" style=\"margin-top:0;margin-bottom:0;padding-top:var(--wp--preset--spacing--60);padding-bottom:var(--wp--preset--spacing--60)\">\n<div class=\"wp-block-columns alignwide is-layout-flex wp-container-core-columns-is-layout-643ced6b wp-block-columns-is-layout-flex\">\n<div class=\"wp-block-column is-layout-flow wp-block-column-is-layout-flow\" style=\"flex-basis:40%\">\n<figure class=\"wp-block-image size-large\"><img loading=\"lazy\" decoding=\"async\" width=\"1024\" height=\"683\" src=\"https:\/\/mocampo70002.paginas-web-cr.com\/wp-content\/uploads\/2026\/03\/fa4441e2213f80b6794734e48d4afceee488bc2a-3000x2000-4-1024x683.png\" alt=\"\" class=\"wp-image-42\" srcset=\"https:\/\/mocampo70002.paginas-web-cr.com\/wp-content\/uploads\/2026\/03\/fa4441e2213f80b6794734e48d4afceee488bc2a-3000x2000-4-1024x683.png 1024w, https:\/\/mocampo70002.paginas-web-cr.com\/wp-content\/uploads\/2026\/03\/fa4441e2213f80b6794734e48d4afceee488bc2a-3000x2000-4-300x200.png 300w, https:\/\/mocampo70002.paginas-web-cr.com\/wp-content\/uploads\/2026\/03\/fa4441e2213f80b6794734e48d4afceee488bc2a-3000x2000-4-768x512.png 768w, https:\/\/mocampo70002.paginas-web-cr.com\/wp-content\/uploads\/2026\/03\/fa4441e2213f80b6794734e48d4afceee488bc2a-3000x2000-4-1536x1024.png 1536w, https:\/\/mocampo70002.paginas-web-cr.com\/wp-content\/uploads\/2026\/03\/fa4441e2213f80b6794734e48d4afceee488bc2a-3000x2000-4-2048x1365.png 2048w\" sizes=\"auto, (max-width: 1024px) 100vw, 1024px\" \/><\/figure>\n<\/div>\n\n\n\n<div class=\"wp-block-column is-vertically-aligned-center is-layout-flow wp-container-core-column-is-layout-119bc444 wp-block-column-is-layout-flow\" style=\"flex-basis:60%\">\n<h2 class=\"wp-block-heading has-xx-large-font-size\">\ud83d\udccc What it is<\/h2>\n\n\n\n<p>El sitio tarda mucho en cargar<\/p>\n<\/div>\n<\/div>\n<\/div>\n\n\n\n<div class=\"wp-block-group alignfull is-style-section-5 has-global-padding is-layout-constrained wp-block-group-is-layout-constrained is-style-section-5--2\" style=\"margin-top:0;margin-bottom:0;padding-top:var(--wp--preset--spacing--50);padding-bottom:var(--wp--preset--spacing--50)\">\n<div class=\"wp-block-columns alignwide is-layout-flex wp-container-core-columns-is-layout-7ee84d44 wp-block-columns-is-layout-flex\">\n<div class=\"wp-block-column is-vertically-aligned-center is-layout-flow wp-block-column-is-layout-flow\" style=\"flex-basis:50%\">\n<h2 class=\"wp-block-heading\">\ud83d\udee0\ufe0f Solution <\/h2>\n\n\n\n<p class=\"has-large-font-size\">1. Instalar plugin de cach\u00e9 <\/p>\n\n\n\n<p class=\"has-large-font-size\">2. Optimizar im\u00e1genes <\/p>\n\n\n\n<p class=\"has-large-font-size\">3. Eliminar plugins innecesarios<\/p>\n\n\n\n<p class=\"has-medium-font-size\"><\/p>\n<\/div>\n\n\n\n<div class=\"wp-block-column is-vertically-aligned-center is-layout-flow wp-block-column-is-layout-flow\" style=\"flex-basis:50%\">\n<figure class=\"wp-block-image alignright size-full is-resized\"><img loading=\"lazy\" decoding=\"async\" width=\"937\" height=\"937\" src=\"https:\/\/mocampo70002.paginas-web-cr.com\/wp-content\/uploads\/2026\/03\/mrfixit-fixicon-2.png\" alt=\"\" class=\"wp-image-41\" style=\"object-fit:cover;width:397px;height:auto\" srcset=\"https:\/\/mocampo70002.paginas-web-cr.com\/wp-content\/uploads\/2026\/03\/mrfixit-fixicon-2.png 937w, https:\/\/mocampo70002.paginas-web-cr.com\/wp-content\/uploads\/2026\/03\/mrfixit-fixicon-2-300x300.png 300w, https:\/\/mocampo70002.paginas-web-cr.com\/wp-content\/uploads\/2026\/03\/mrfixit-fixicon-2-150x150.png 150w, https:\/\/mocampo70002.paginas-web-cr.com\/wp-content\/uploads\/2026\/03\/mrfixit-fixicon-2-768x768.png 768w\" sizes=\"auto, (max-width: 937px) 100vw, 937px\" \/><\/figure>\n<\/div>\n<\/div>\n<\/div>\n\n\n\n<div class=\"wp-block-group alignfull has-global-padding is-layout-constrained wp-container-core-group-is-layout-ebee8dc1 wp-block-group-is-layout-constrained\" style=\"margin-top:0;margin-bottom:0;padding-top:var(--wp--preset--spacing--50);padding-bottom:var(--wp--preset--spacing--50)\">\n<div class=\"wp-block-group alignwide is-content-justification-space-between is-layout-flex wp-container-core-group-is-layout-9366075c wp-block-group-is-layout-flex\">\n<h2 class=\"wp-block-heading alignwide has-text-align-left is-style-text-subtitle has-x-large-font-size is-style-text-subtitle--3\">Image<\/h2>\n\n\n\n<p class=\"is-style-text-annotation is-style-text-annotation--4\"><\/p>\n<\/div>\n\n\n\n<figure class=\"wp-block-image size-full\"><img loading=\"lazy\" decoding=\"async\" width=\"1910\" height=\"1000\" src=\"https:\/\/mocampo70002.paginas-web-cr.com\/wp-content\/uploads\/2026\/03\/X-Reasons-Your-WordPress-Site-is-Loading-Slow-How-to-Fix-1.jpg\" alt=\"\" class=\"wp-image-72\" srcset=\"https:\/\/mocampo70002.paginas-web-cr.com\/wp-content\/uploads\/2026\/03\/X-Reasons-Your-WordPress-Site-is-Loading-Slow-How-to-Fix-1.jpg 1910w, https:\/\/mocampo70002.paginas-web-cr.com\/wp-content\/uploads\/2026\/03\/X-Reasons-Your-WordPress-Site-is-Loading-Slow-How-to-Fix-1-300x157.jpg 300w, https:\/\/mocampo70002.paginas-web-cr.com\/wp-content\/uploads\/2026\/03\/X-Reasons-Your-WordPress-Site-is-Loading-Slow-How-to-Fix-1-1024x536.jpg 1024w, https:\/\/mocampo70002.paginas-web-cr.com\/wp-content\/uploads\/2026\/03\/X-Reasons-Your-WordPress-Site-is-Loading-Slow-How-to-Fix-1-768x402.jpg 768w, https:\/\/mocampo70002.paginas-web-cr.com\/wp-content\/uploads\/2026\/03\/X-Reasons-Your-WordPress-Site-is-Loading-Slow-How-to-Fix-1-1536x804.jpg 1536w\" sizes=\"auto, (max-width: 1910px) 100vw, 1910px\" \/><\/figure>\n<\/div>\n\n\n\n<aside class=\"wp-block-group alignfull is-style-section-3 has-global-padding is-layout-constrained wp-container-core-group-is-layout-f0f2a97b wp-block-group-is-layout-constrained is-style-section-3--5\" style=\"margin-top:0;margin-bottom:0;padding-top:var(--wp--preset--spacing--50);padding-right:var(--wp--preset--spacing--50);padding-bottom:var(--wp--preset--spacing--50);padding-left:var(--wp--preset--spacing--50)\">\n<div class=\"wp-block-group is-vertical is-content-justification-center is-layout-flex wp-container-core-group-is-layout-8778ca4a wp-block-group-is-layout-flex\" style=\"min-height:360px;margin-top:0;margin-bottom:0\">\n<h2 class=\"wp-block-heading has-text-align-center has-xx-large-font-size\">Check the home page for more solutions!<\/h2>\n\n\n\n<div style=\"height:0px\" aria-hidden=\"true\" class=\"wp-block-spacer wp-container-content-62aae154\"><\/div>\n\n\n\n<div class=\"wp-block-buttons is-content-justification-center is-layout-flex wp-container-core-buttons-is-layout-a89b3969 wp-block-buttons-is-layout-flex\"><\/div>\n<\/div>\n<\/aside>","protected":false},"excerpt":{"rendered":"<p>\ud83d\udccc Qu\u00e9 es El sitio tarda mucho en cargar \ud83d\udee0\ufe0f Soluci\u00f3n 1. Instalar plugin de cach\u00e9 2. Optimizar im\u00e1genes 3. Eliminar plugins innecesarios Imagen Revisa la paginas principal para ver mas soluciones!<\/p>","protected":false},"author":2,"featured_media":0,"parent":0,"menu_order":0,"comment_status":"closed","ping_status":"closed","template":"","meta":{"footnotes":""},"class_list":["post-14","page","type-page","status-publish","hentry"],"_hostinger_reach_plugin_has_subscription_block":false,"_hostinger_reach_plugin_is_elementor":false,"_links":{"self":[{"href":"https:\/\/mocampo70002.paginas-web-cr.com\/en\/wp-json\/wp\/v2\/pages\/14","targetHints":{"allow":["GET"]}}],"collection":[{"href":"https:\/\/mocampo70002.paginas-web-cr.com\/en\/wp-json\/wp\/v2\/pages"}],"about":[{"href":"https:\/\/mocampo70002.paginas-web-cr.com\/en\/wp-json\/wp\/v2\/types\/page"}],"author":[{"embeddable":true,"href":"https:\/\/mocampo70002.paginas-web-cr.com\/en\/wp-json\/wp\/v2\/users\/2"}],"replies":[{"embeddable":true,"href":"https:\/\/mocampo70002.paginas-web-cr.com\/en\/wp-json\/wp\/v2\/comments?post=14"}],"version-history":[{"count":3,"href":"https:\/\/mocampo70002.paginas-web-cr.com\/en\/wp-json\/wp\/v2\/pages\/14\/revisions"}],"predecessor-version":[{"id":73,"href":"https:\/\/mocampo70002.paginas-web-cr.com\/en\/wp-json\/wp\/v2\/pages\/14\/revisions\/73"}],"wp:attachment":[{"href":"https:\/\/mocampo70002.paginas-web-cr.com\/en\/wp-json\/wp\/v2\/media?parent=14"}],"curies":[{"name":"wp","href":"https:\/\/api.w.org\/{rel}","templated":true}]}}