{"id":103,"date":"2026-04-01T22:14:34","date_gmt":"2026-04-01T22:14:34","guid":{"rendered":"https:\/\/mocampo70002.paginas-web-cr.com\/?page_id=103"},"modified":"2026-04-01T22:25:38","modified_gmt":"2026-04-01T22:25:38","slug":"sobre-mi","status":"publish","type":"page","link":"https:\/\/mocampo70002.paginas-web-cr.com\/en\/sobre-mi\/","title":{"rendered":"About me"},"content":{"rendered":"<div class=\"wp-block-cover alignfull has-custom-content-position is-position-bottom-center\" style=\"margin-top:0;margin-bottom:0;padding-top:var(--wp--preset--spacing--50);padding-right:var(--wp--preset--spacing--50);padding-bottom:var(--wp--preset--spacing--50);padding-left:var(--wp--preset--spacing--50);min-height:840px;aspect-ratio:unset;\"><img loading=\"lazy\" decoding=\"async\" width=\"1140\" height=\"430\" class=\"wp-block-cover__image-background wp-image-104 size-full\" alt=\"\" src=\"https:\/\/mocampo70002.paginas-web-cr.com\/wp-content\/uploads\/2026\/04\/What-is-systems-engineering-cover-art-01.jpg\" data-object-fit=\"cover\" srcset=\"https:\/\/mocampo70002.paginas-web-cr.com\/wp-content\/uploads\/2026\/04\/What-is-systems-engineering-cover-art-01.jpg 1140w, https:\/\/mocampo70002.paginas-web-cr.com\/wp-content\/uploads\/2026\/04\/What-is-systems-engineering-cover-art-01-300x113.jpg 300w, https:\/\/mocampo70002.paginas-web-cr.com\/wp-content\/uploads\/2026\/04\/What-is-systems-engineering-cover-art-01-1024x386.jpg 1024w, https:\/\/mocampo70002.paginas-web-cr.com\/wp-content\/uploads\/2026\/04\/What-is-systems-engineering-cover-art-01-768x290.jpg 768w, https:\/\/mocampo70002.paginas-web-cr.com\/wp-content\/uploads\/2026\/04\/What-is-systems-engineering-cover-art-01-18x7.jpg 18w\" sizes=\"auto, (max-width: 1140px) 100vw, 1140px\" \/><span aria-hidden=\"true\" class=\"wp-block-cover__background has-background-dim-70 has-background-dim\"><\/span><div class=\"wp-block-cover__inner-container has-global-padding is-layout-constrained wp-container-core-cover-is-layout-d89aad35 wp-block-cover-is-layout-constrained\">\n<div class=\"wp-block-group alignwide has-global-padding is-content-justification-left is-layout-constrained wp-container-core-group-is-layout-12dd3699 wp-block-group-is-layout-constrained\">\n<h2 class=\"wp-block-heading has-text-align-left has-xx-large-font-size\">Who am I<\/h2>\n\n\n\n<p><strong>My name is Miguel Ocampo, I am 22 years old, and I am a student of Computer Systems Engineering at Fid\u00e9litas University. I am currently developing a project focused on technical support, specifically on the WordPress platform.<\/strong><\/p>\n\n\n\n<p><strong>This project was born with the aim of analyzing and documenting the most common errors that can occur in WordPress, one of the most used tools for creating websites worldwide. Throughout its development, the goal is to understand both the causes.<\/strong><\/p>\n\n\n\n<p><strong>In addition, it is intended to provide a clear and simple guide that can be used by people with different levels of knowledge, thus facilitating the resolution of errors and the correct operation of their websites.<\/strong><\/p>\n<\/div>\n<\/div><\/div>\n\n\n\n<div class=\"wp-block-group alignfull is-style-section-5 has-global-padding is-layout-constrained wp-block-group-is-layout-constrained is-style-section-5--1\" style=\"margin-top:0;margin-bottom:0;padding-top:var(--wp--preset--spacing--50);padding-bottom:var(--wp--preset--spacing--50)\">\n<div class=\"wp-block-columns alignwide is-layout-flex wp-container-core-columns-is-layout-7ee84d44 wp-block-columns-is-layout-flex\">\n<div class=\"wp-block-column is-vertically-aligned-center is-layout-flow wp-block-column-is-layout-flow\" style=\"flex-basis:50%\">\n<h2 class=\"wp-block-heading\">My Objective<\/h2>\n\n\n\n<p class=\"has-medium-font-size\"><strong>The main objective.<\/strong><\/p>\n\n\n\n<p class=\"has-medium-font-size\"><strong>This platform aims to serve as a support tool for users who need to identify and solve problems on their websites, thereby improving their experience and reducing the technical difficulty that these errors can represent.<\/strong><\/p>\n<\/div>\n\n\n\n<div class=\"wp-block-column is-vertically-aligned-center is-layout-flow wp-block-column-is-layout-flow\" style=\"flex-basis:50%\">\n<figure class=\"wp-block-image size-full\"><img loading=\"lazy\" decoding=\"async\" width=\"800\" height=\"416\" src=\"https:\/\/mocampo70002.paginas-web-cr.com\/wp-content\/uploads\/2026\/04\/objetivos-e1571889764116-800x416-1.jpg\" alt=\"\" class=\"wp-image-105\" srcset=\"https:\/\/mocampo70002.paginas-web-cr.com\/wp-content\/uploads\/2026\/04\/objetivos-e1571889764116-800x416-1.jpg 800w, https:\/\/mocampo70002.paginas-web-cr.com\/wp-content\/uploads\/2026\/04\/objetivos-e1571889764116-800x416-1-300x156.jpg 300w, https:\/\/mocampo70002.paginas-web-cr.com\/wp-content\/uploads\/2026\/04\/objetivos-e1571889764116-800x416-1-768x399.jpg 768w, https:\/\/mocampo70002.paginas-web-cr.com\/wp-content\/uploads\/2026\/04\/objetivos-e1571889764116-800x416-1-18x9.jpg 18w\" sizes=\"auto, (max-width: 800px) 100vw, 800px\" \/><\/figure>\n<\/div>\n<\/div>\n<\/div>\n\n\n\n<div class=\"wp-block-group alignfull has-global-padding is-layout-constrained wp-container-core-group-is-layout-08655630 wp-block-group-is-layout-constrained\" style=\"margin-top:0;margin-bottom:0;padding-top:var(--wp--preset--spacing--80);padding-bottom:var(--wp--preset--spacing--80)\">\n<div class=\"wp-block-group alignwide is-layout-flow wp-block-group-is-layout-flow\">\n<p class=\"has-text-align-center is-style-text-display is-style-text-display--2\" style=\"font-style:normal;font-weight:400\">My WordPress profile<\/p>\n\n\n\n<div style=\"height:var(--wp--preset--spacing--40)\" aria-hidden=\"true\" class=\"wp-block-spacer\"><\/div>\n\n\n\n<ul class=\"wp-block-social-links has-icon-color is-style-logos-only is-content-justification-center is-layout-flex wp-container-core-social-links-is-layout-a89b3969 wp-block-social-links-is-layout-flex\"><li class=\"wp-social-link wp-social-link-wordpress has-contrast-color wp-block-social-link\"><a href=\"https:\/\/profiles.wordpress.org\/mocampo70002\/\" class=\"wp-block-social-link-anchor\"><svg width=\"24\" height=\"24\" viewbox=\"0 0 24 24\" version=\"1.1\" xmlns=\"http:\/\/www.w3.org\/2000\/svg\" aria-hidden=\"true\" focusable=\"false\"><path d=\"M12.158,12.786L9.46,20.625c0.806,0.237,1.657,0.366,2.54,0.366c1.047,0,2.051-0.181,2.986-0.51 c-0.024-0.038-0.046-0.079-0.065-0.124L12.158,12.786z M3.009,12c0,3.559,2.068,6.634,5.067,8.092L3.788,8.341 C3.289,9.459,3.009,10.696,3.009,12z M18.069,11.546c0-1.112-0.399-1.881-0.741-2.48c-0.456-0.741-0.883-1.368-0.883-2.109 c0-0.826,0.627-1.596,1.51-1.596c0.04,0,0.078,0.005,0.116,0.007C16.472,3.904,14.34,3.009,12,3.009 c-3.141,0-5.904,1.612-7.512,4.052c0.211,0.007,0.41,0.011,0.579,0.011c0.94,0,2.396-0.114,2.396-0.114 C7.947,6.93,8.004,7.642,7.52,7.699c0,0-0.487,0.057-1.029,0.085l3.274,9.739l1.968-5.901l-1.401-3.838 C9.848,7.756,9.389,7.699,9.389,7.699C8.904,7.67,8.961,6.93,9.446,6.958c0,0,1.484,0.114,2.368,0.114 c0.94,0,2.397-0.114,2.397-0.114c0.485-0.028,0.542,0.684,0.057,0.741c0,0-0.488,0.057-1.029,0.085l3.249,9.665l0.897-2.996 C17.841,13.284,18.069,12.316,18.069,11.546z M19.889,7.686c0.039,0.286,0.06,0.593,0.06,0.924c0,0.912-0.171,1.938-0.684,3.22 l-2.746,7.94c2.673-1.558,4.47-4.454,4.47-7.771C20.991,10.436,20.591,8.967,19.889,7.686z M12,22C6.486,22,2,17.514,2,12 C2,6.486,6.486,2,12,2c5.514,0,10,4.486,10,10C22,17.514,17.514,22,12,22z\"><\/path><\/svg><span class=\"wp-block-social-link-label screen-reader-text\">WordPress<\/span><\/a><\/li><\/ul>\n<\/div>\n<\/div>\n\n\n\n<p><\/p>","protected":false},"excerpt":{"rendered":"<p>Mi Objetivo El objetivo principal de este proyecto es desarrollar una p\u00e1gina web que funcione como una gu\u00eda de soporte t\u00e9cnico en WordPress, donde se presenten los errores m\u00e1s comunes junto con sus respectivas soluciones de manera clara, ordenada e intuitiva. Se busca que esta plataforma sirva como una herramienta de apoyo para usuarios que [&hellip;]<\/p>\n","protected":false},"author":2,"featured_media":0,"parent":0,"menu_order":0,"comment_status":"closed","ping_status":"closed","template":"","meta":{"footnotes":""},"class_list":["post-103","page","type-page","status-publish","hentry"],"_hostinger_reach_plugin_has_subscription_block":false,"_hostinger_reach_plugin_is_elementor":false,"_links":{"self":[{"href":"https:\/\/mocampo70002.paginas-web-cr.com\/en\/wp-json\/wp\/v2\/pages\/103","targetHints":{"allow":["GET"]}}],"collection":[{"href":"https:\/\/mocampo70002.paginas-web-cr.com\/en\/wp-json\/wp\/v2\/pages"}],"about":[{"href":"https:\/\/mocampo70002.paginas-web-cr.com\/en\/wp-json\/wp\/v2\/types\/page"}],"author":[{"embeddable":true,"href":"https:\/\/mocampo70002.paginas-web-cr.com\/en\/wp-json\/wp\/v2\/users\/2"}],"replies":[{"embeddable":true,"href":"https:\/\/mocampo70002.paginas-web-cr.com\/en\/wp-json\/wp\/v2\/comments?post=103"}],"version-history":[{"count":1,"href":"https:\/\/mocampo70002.paginas-web-cr.com\/en\/wp-json\/wp\/v2\/pages\/103\/revisions"}],"predecessor-version":[{"id":106,"href":"https:\/\/mocampo70002.paginas-web-cr.com\/en\/wp-json\/wp\/v2\/pages\/103\/revisions\/106"}],"wp:attachment":[{"href":"https:\/\/mocampo70002.paginas-web-cr.com\/en\/wp-json\/wp\/v2\/media?parent=103"}],"curies":[{"name":"wp","href":"https:\/\/api.w.org\/{rel}","templated":true}]}}